{"id":76,"date":"2020-09-03T09:33:09","date_gmt":"2020-09-03T00:33:09","guid":{"rendered":"http:\/\/bc-pain.com\/?page_id=76"},"modified":"2020-11-13T08:25:08","modified_gmt":"2020-11-12T23:25:08","slug":"about-2","status":"publish","type":"page","link":"https:\/\/bc-pain.com\/?page_id=76","title":{"rendered":"ABOUT"},"content":{"rendered":"\n<figure class=\"wp-block-image alignwide size-large\"><img loading=\"lazy\" width=\"1024\" height=\"768\" src=\"https:\/\/bc-pain.com\/wp-content\/uploads\/2020\/09\/IMG_5862-1024x768.jpg\" alt=\"\" class=\"wp-image-572\" srcset=\"https:\/\/bc-pain.com\/wp-content\/uploads\/2020\/09\/IMG_5862-1024x768.jpg 1024w, https:\/\/bc-pain.com\/wp-content\/uploads\/2020\/09\/IMG_5862-300x225.jpg 300w, https:\/\/bc-pain.com\/wp-content\/uploads\/2020\/09\/IMG_5862-768x576.jpg 768w, https:\/\/bc-pain.com\/wp-content\/uploads\/2020\/09\/IMG_5862-1536x1152.jpg 1536w, https:\/\/bc-pain.com\/wp-content\/uploads\/2020\/09\/IMG_5862-2048x1536.jpg 2048w, https:\/\/bc-pain.com\/wp-content\/uploads\/2020\/09\/IMG_5862-1200x900.jpg 1200w, https:\/\/bc-pain.com\/wp-content\/uploads\/2020\/09\/IMG_5862-1980x1485.jpg 1980w\" sizes=\"(max-width: 1024px) 100vw, 1024px\" \/><\/figure>\n\n\n\n<p class=\"has-text-align-center\" style=\"font-size:15px\">\u30dc\u30fc\u30fb\u30b9\u30a3\u30a8\u30eb\u306f\u6700\u521d\u306b\u958b\u5e97\u3057\u305f\u307f\u305d\u3089\u56e3\u5730\u306e\u300c\u307f\u305d\u3089\u300d\u306e\u30dc\u30fc\uff08\u7f8e\u3057\u3044\uff09\u30b9\u30a3\u30a8\u30eb\uff08\u7a7a\uff09\u3092\u5e97\u540d\u306b\u3057\u30661990\u5e74\u306b\u751f\u307e\u308c\u307e\u3057\u305f\u3002<\/p>\n\n\n\n<p class=\"has-text-align-center\" style=\"font-size:15px\">\u65e5\u672c\u306e\u5730\u65b9\u90fd\u5e02\u3068\u30d5\u30e9\u30f3\u30b9\u3084\u30e8\u30fc\u30ed\u30c3\u30d1\u306e\u98df\u6587\u5316\u306e\u4ea4\u6d41\u3092\u76ee\u6307\u3057\u3001\u30d5\u30e9\u30f3\u30b9\u306e\u4f1d\u7d71\u7684\u306a\u53e4\u5178\u88fd\u6cd5\u306b\u3053\u3060\u308f\u3063\u305f\u30d5\u30e9\u30f3\u30b9\u4eba\u30b7\u30a7\u30d5\u30b8\u30e3\u30f3\uff06\u30b1\u30f3\u30b8\u30fb\u30c7\u30ea\u30cb\u30aa\u30f3\u306e\u304a\u5e97\u3067\u3059\u3002<\/p>\n\n\n\n<p class=\"has-text-align-center\" style=\"font-size:16px\">Nous mettons tout notre talent d&#8217;artisan, dans la qualit\u00e9 de nos fabrications avec le respect de la Tradition Gastronomique donnant un v\u00e9ritable sens a I&#8217;Art de Vivre a la Fran\u00e7ais.<\/p>\n\n\n\n<hr class=\"wp-block-separator is-style-dots\"\/>\n\n\n\n<h2 class=\"has-large-font-size\">\u30dc\u30fc\u30fb\u30b9\u30a3\u30a8\u30eb\u306e\u30d1\u30f3\u304c\u8cb7\u3048\u308b\u304a\u5e97<\/h2>\n\n\n\n<p style=\"font-size:15px\"> \u30fb\u30a4\u30c8\u30fc\u30e8\u30fc\u30ab\u30c9\u30fc\u56db\u8857\u9053\u5e97 <br> \u30fb\u30e1\u30c8\u30ed\u5343\u8449\u5e97\uff08\u30d7\u30ed\u7528\u4f1a\u54e1\u5236\uff09 <br> \u30fb\u30ca\u30b7\u30e7\u30ca\u30eb\u9ebb\u5e03\uff08\u6771\u4eac\u5357\u9ebb\u5e03\uff09 <br> \u30fb\u30ca\u30b7\u30e7\u30ca\u30eb\u7530\u5712\uff08\u6771\u4eac\u7530\u5712\u8abf\u5e03\uff09 <br> \u3000\u203b\u4e00\u90e8\u5546\u54c1\u306e\u307f\u306e\u53d6\u6271\u3044\u3068\u306a\u308a\u307e\u3059\u3002<\/p>\n\n\n\n<hr class=\"wp-block-separator is-style-dots\"\/>\n\n\n\n<h2 class=\"has-large-font-size\">Jean Delignon \u7565\u6b74<\/h2>\n\n\n\n<p style=\"font-size:15px\">\u30d5\u30e9\u30f3\u30b9\u56fd\u7acb\u88fd\u30d1\u30f3\u5b66\u6821\u6559\u5e2b<br>\u9e7f\u5150\u5cf6\u6797\u7530\u30db\u30c6\u30eb\u88fd\u30d1\u30f3\u30b7\u30a7\u30d5<br>\u30de\u30cb\u30e9\u30d2\u30eb\u30c8\u30f3\u30db\u30c6\u30eb\u88fd\u30d1\u30f3\u30da\u30b9\u30c8\u30ea\u30fc\u30b7\u30a7\u30d5<br>\u30d5\u30b8\u30d1\u30f3\u6280\u8853\u9867\u554f<br>\u662d\u548c\u7523\u696d\u6280\u8853\u9867\u554f<br>\u30ed\u30a4\u30e4\u30eb\u30db\u30b9\u30c8\uff08\u30a2\u30da\u30c6\u30a3\u30fc\u30c8\u90e8\uff09\u6280\u8853\u9867\u554f<br>\u30a8\u30c7\u30a3\u30a2\u30fc\u30eb\uff08\u30a2\u30b8\u30a2\u90e8\u9580\uff09\u6280\u8853\u9867\u554f<br>\u97d3\u56fd\u30b7\u30a4\u30e9\u30d9\u30fc\u30ab\u30ea\u30fc\u6280\u8853\u9867\u554f<br>\u53f0\u5317\u30ea\u30c3\u30c4\u30db\u30c6\u30eb\u6280\u8853\u9867\u554f<\/p>\n\n\n\n<figure class=\"wp-block-gallery columns-2\"><ul class=\"blocks-gallery-grid\"><li class=\"blocks-gallery-item\"><figure><img loading=\"lazy\" width=\"637\" height=\"458\" src=\"https:\/\/bc-pain.com\/wp-content\/uploads\/2020\/11\/639b39a5d9751458b20530a93faa87ef-1.bmp\" alt=\"\" data-id=\"971\" data-full-url=\"https:\/\/bc-pain.com\/wp-content\/uploads\/2020\/11\/639b39a5d9751458b20530a93faa87ef-1.bmp\" data-link=\"https:\/\/bc-pain.com\/?attachment_id=971\" class=\"wp-image-971\" srcset=\"https:\/\/bc-pain.com\/wp-content\/uploads\/2020\/11\/639b39a5d9751458b20530a93faa87ef-1.bmp 637w, https:\/\/bc-pain.com\/wp-content\/uploads\/2020\/11\/639b39a5d9751458b20530a93faa87ef-1-300x216.jpg 300w\" sizes=\"(max-width: 637px) 100vw, 637px\" \/><\/figure><\/li><li class=\"blocks-gallery-item\"><figure><img loading=\"lazy\" width=\"513\" height=\"477\" src=\"https:\/\/bc-pain.com\/wp-content\/uploads\/2020\/11\/7a3ec77cd1951f109ebd542de9893e9b.bmp\" alt=\"\" data-id=\"970\" data-full-url=\"https:\/\/bc-pain.com\/wp-content\/uploads\/2020\/11\/7a3ec77cd1951f109ebd542de9893e9b.bmp\" data-link=\"https:\/\/bc-pain.com\/?attachment_id=970\" class=\"wp-image-970\" srcset=\"https:\/\/bc-pain.com\/wp-content\/uploads\/2020\/11\/7a3ec77cd1951f109ebd542de9893e9b.bmp 513w, https:\/\/bc-pain.com\/wp-content\/uploads\/2020\/11\/7a3ec77cd1951f109ebd542de9893e9b-300x279.jpg 300w\" sizes=\"(max-width: 513px) 100vw, 513px\" \/><\/figure><\/li><\/ul><\/figure>\n\n\n\n<hr class=\"wp-block-separator is-style-dots\"\/>\n\n\n\n<h2 class=\"has-large-font-size\"> Kenji Delignon \u7565\u6b74<\/h2>\n\n\n\n<p style=\"font-size:15px\">\u30d5\u30e9\u30f3\u30b9\u3001\u30a2\u30eb\u30b6\u30b9\u5730\u65b9\u30b3\u30eb\u30de\u30fc\u30eb\u306e\u30d5\u30e9\u30f3\u30b9\u30d1\u30f3\u5354\u4f1a\u4f1a\u9577\u30b8\u30e3\u30f3\u30fb\u30d4\u30a8\u30fc\u30eb\u30fb\u3079\u30b7\u30e5\u30ec\u30fc\u30eb\u6c0f\u306b\u5e2b\u4e8b\u3002<br>\u5e30\u56fd\u5f8c\u3001\u7236Jean Delignon\u306b\u5e2b\u4e8b\u3057\u3001\u30d1\u30f3\u3001\u30b1\u30fc\u30ad\u3001\u713c\u83d3\u5b50\u3001\u30b7\u30e3\u30eb\u30af\u30c8\u30ea\u30fc\u3001\u30d5\u30e9\u30f3\u30b9\u6599\u7406\u3092\u5b66\u3076\u3002<br>\u73fe\u5728\u30dc\u30fc\u30fb\u30b9\u30a3\u30a8\u30eb\u5e97\u9577\u517c\u88fd\u9020\u30b7\u30a7\u30d5<\/p>\n","protected":false},"excerpt":{"rendered":"<p>\u30dc\u30fc\u30fb\u30b9\u30a3\u30a8\u30eb\u306f\u6700\u521d\u306b\u958b\u5e97\u3057\u305f\u307f\u305d\u3089\u56e3\u5730\u306e\u300c\u307f\u305d\u3089\u300d\u306e\u30dc\u30fc\uff08\u7f8e\u3057\u3044\uff09\u30b9\u30a3\u30a8\u30eb\uff08\u7a7a\uff09\u3092\u5e97\u540d\u306b\u3057\u30661990\u5e74\u306b\u751f\u307e\u308c\u307e\u3057\u305f\u3002 \u65e5\u672c\u306e\u5730\u65b9\u90fd\u5e02\u3068\u30d5\u30e9\u30f3\u30b9\u3084\u30e8\u30fc\u30ed\u30c3\u30d1\u306e\u98df\u6587\u5316\u306e\u4ea4\u6d41\u3092\u76ee\u6307\u3057\u3001\u30d5\u30e9\u30f3\u30b9\u306e\u4f1d\u7d71\u7684\u306a\u53e4\u5178\u88fd\u6cd5\u306b\u3053\u3060\u308f\u3063\u305f [&hellip;]<\/p>\n","protected":false},"author":1,"featured_media":0,"parent":0,"menu_order":0,"comment_status":"closed","ping_status":"closed","template":"","meta":{"spay_email":""},"_links":{"self":[{"href":"https:\/\/bc-pain.com\/index.php?rest_route=\/wp\/v2\/pages\/76"}],"collection":[{"href":"https:\/\/bc-pain.com\/index.php?rest_route=\/wp\/v2\/pages"}],"about":[{"href":"https:\/\/bc-pain.com\/index.php?rest_route=\/wp\/v2\/types\/page"}],"author":[{"embeddable":true,"href":"https:\/\/bc-pain.com\/index.php?rest_route=\/wp\/v2\/users\/1"}],"replies":[{"embeddable":true,"href":"https:\/\/bc-pain.com\/index.php?rest_route=%2Fwp%2Fv2%2Fcomments&post=76"}],"version-history":[{"count":0,"href":"https:\/\/bc-pain.com\/index.php?rest_route=\/wp\/v2\/pages\/76\/revisions"}],"wp:attachment":[{"href":"https:\/\/bc-pain.com\/index.php?rest_route=%2Fwp%2Fv2%2Fmedia&parent=76"}],"curies":[{"name":"wp","href":"https:\/\/api.w.org\/{rel}","templated":true}]}}